{"id":60,"date":"2021-05-21T09:45:24","date_gmt":"2021-05-21T09:45:24","guid":{"rendered":"https:\/\/taxas.monterroso.es\/?page_id=60"},"modified":"2021-05-21T09:45:24","modified_gmt":"2021-05-21T09:45:24","slug":"politica-de-cookies","status":"publish","type":"page","link":"https:\/\/taxas.monterroso.es\/es\/politica-de-cookies\/","title":{"rendered":"Pol\u00edtica de cookies"},"content":{"rendered":"<p>Utilizamos cookies con el objetivo de mejorar tu experiencia de navegaci\u00f3n y realizar labores anal\u00edticas. Al acceder a este sitio web por primera vez, ver\u00e1s una ventana donde se te informa de la utilizaci\u00f3n de las cookies y desde donde puedes consultar esta \u201cPol\u00edtica de cookies\u201d. Si consientes expresamente la utilizaci\u00f3n de cookies, contin\u00faas navegando o haces clic en alg\u00fan link, consideramos que aceptas nuestra pol\u00edtica de cookies y, por tanto, la instalaci\u00f3n de las mismas en su equipo o dispositivo.<\/p>\n\n\n\n<p>Puedes modificar la configuraci\u00f3n de tu navegador para evitar la instalaci\u00f3n de cookies o borrar las existentes.<\/p>\n\n\n\n<p>Te informamos de que en el caso de bloquear o no aceptar la instalaci\u00f3n de cookies es posible que no puedas acceder a alguna de las secciones de nuestra web o que algunas funcionalidades de los servicios queden deshabilitados.<\/p>\n\n\n\n<p><strong>\u00bfQu\u00e9 son las cookies?<\/strong><\/p>\n\n\n\n<p>Una cookie es un fichero de texto que se descarga en tu ordenador o el dispositivo que utilices (smartphone, tableta, televisi\u00f3n conectada\u2026.) al acceder a determinadas p\u00e1ginas web. Entre otras funciones, permiten a un sitio web almacenar y recuperar informaci\u00f3n sobre la visita y los h\u00e1bitos de navegaci\u00f3n de un usuario o de su equipo.<\/p>\n\n\n\n<p>En nuestras webs y aplicaciones utilizamos cookies propias y de terceros, que permiten recopilar datos an\u00f3nimos estad\u00edsticos sobre las visitas recibidas. Estos archivos no recogen ning\u00fan tipo de informaci\u00f3n personal, \u00fanicamente guardan datos de car\u00e1cter t\u00e9cnico y de an\u00e1lisis (servicios consultados, franja horaria de la visita, etc.).<\/p>\n\n\n\n<p><strong>\u00bfPor qu\u00e9 son importantes?<\/strong><\/p>\n\n\n\n<p>Desde un punto de vista t\u00e9cnico, permiten que los sitios web funcionen de forma m\u00e1s \u00e1gil y adaptada a las preferencias de los usuarios, como almacenar el idioma, la moneda del pa\u00eds o detectar el dispositivo de acceso.<\/p>\n\n\n\n<p>Establecen niveles de protecci\u00f3n y seguridad que impiden o dificultan ciber ataques contra el sitio web o sus usuarios.<\/p>\n\n\n\n<p>Permiten que los gestores de los medios puedan conocer datos estad\u00edsticos para mejorar la calidad y experiencia de sus servicios.<\/p>\n\n\n\n<p>Sirven para optimizar la publicidad que mostramos a los usuarios, ofreciendo la que m\u00e1s se ajusta a sus intereses.<\/p>","protected":false},"excerpt":{"rendered":"<p>Utilizamos cookies co obxetivo de mellorar a t\u00faa experiencia de navegaci\u00f3n e realizar labores anal\u00edticas. O acceder a este sitio web por primeira vez, ver\u00e1s unha fiestra onde se che informa da utilizaci\u00f3n das cookies e dende onde podes consultar esta \u201cPol\u00edtica de cookies\u201d. Se consintes expresamente a utilizaci\u00f3n de cookies, contin\u00faas navegando ou fas [&hellip;]<\/p>","protected":false},"author":1,"featured_media":0,"parent":0,"menu_order":0,"comment_status":"closed","ping_status":"closed","template":"","meta":{"footnotes":""},"class_list":["post-60","page","type-page","status-publish","hentry"],"_links":{"self":[{"href":"https:\/\/taxas.monterroso.es\/es\/wp-json\/wp\/v2\/pages\/60","targetHints":{"allow":["GET"]}}],"collection":[{"href":"https:\/\/taxas.monterroso.es\/es\/wp-json\/wp\/v2\/pages"}],"about":[{"href":"https:\/\/taxas.monterroso.es\/es\/wp-json\/wp\/v2\/types\/page"}],"author":[{"embeddable":true,"href":"https:\/\/taxas.monterroso.es\/es\/wp-json\/wp\/v2\/users\/1"}],"replies":[{"embeddable":true,"href":"https:\/\/taxas.monterroso.es\/es\/wp-json\/wp\/v2\/comments?post=60"}],"version-history":[{"count":1,"href":"https:\/\/taxas.monterroso.es\/es\/wp-json\/wp\/v2\/pages\/60\/revisions"}],"predecessor-version":[{"id":61,"href":"https:\/\/taxas.monterroso.es\/es\/wp-json\/wp\/v2\/pages\/60\/revisions\/61"}],"wp:attachment":[{"href":"https:\/\/taxas.monterroso.es\/es\/wp-json\/wp\/v2\/media?parent=60"}],"curies":[{"name":"wp","href":"https:\/\/api.w.org\/{rel}","templated":true}]}}