{"id":62,"date":"2021-05-21T09:47:59","date_gmt":"2021-05-21T09:47:59","guid":{"rendered":"https:\/\/taxas.monterroso.es\/?page_id=62"},"modified":"2021-05-21T09:47:59","modified_gmt":"2021-05-21T09:47:59","slug":"terminos-e-condicions-de-uso","status":"publish","type":"page","link":"https:\/\/taxas.monterroso.es\/es\/terminos-e-condicions-de-uso\/","title":{"rendered":"T\u00e9rminos y condiciones de uso"},"content":{"rendered":"<h2 class=\"wp-block-heading\">Modos de pago<\/h2>\n\n\n\n<p>En esta p\u00e1gina de pago de tasas tenemos disponibles los siguientes m\u00e9todos de pago:<\/p>\n\n\n\n<ul class=\"wp-block-list\"><li>Pago con tarjeta a trav\u00e9s de TPV 100% seguro. La Caixa<\/li><\/ul>\n\n\n\n<h2 class=\"wp-block-heading\">Env\u00edos<\/h2>\n\n\n\n<p>Al tratarse de una plataforma de pago de tasas, no se hacen env\u00edos. El justificante de pago ser\u00e1 confirmado mediante correo electr\u00f3nico.<\/p>","protected":false},"excerpt":{"rendered":"<p>Modos de pago Nesta p\u00e1xina de pago de taxas temos dispo\u00f1ibles os seguientes m\u00e9todos de pago: Pago con tarxeta a trav\u00e9s de TPV 100% seguro. La Caixa Env\u00edos Ao tratarse dunha plataforma de pago de taxas, non se fan env\u00edos . O xustificante de pago ser\u00e1 confirmado mediante correo electr\u00f3nico.<\/p>","protected":false},"author":1,"featured_media":0,"parent":0,"menu_order":0,"comment_status":"closed","ping_status":"closed","template":"","meta":{"footnotes":""},"class_list":["post-62","page","type-page","status-publish","hentry"],"_links":{"self":[{"href":"https:\/\/taxas.monterroso.es\/es\/wp-json\/wp\/v2\/pages\/62","targetHints":{"allow":["GET"]}}],"collection":[{"href":"https:\/\/taxas.monterroso.es\/es\/wp-json\/wp\/v2\/pages"}],"about":[{"href":"https:\/\/taxas.monterroso.es\/es\/wp-json\/wp\/v2\/types\/page"}],"author":[{"embeddable":true,"href":"https:\/\/taxas.monterroso.es\/es\/wp-json\/wp\/v2\/users\/1"}],"replies":[{"embeddable":true,"href":"https:\/\/taxas.monterroso.es\/es\/wp-json\/wp\/v2\/comments?post=62"}],"version-history":[{"count":1,"href":"https:\/\/taxas.monterroso.es\/es\/wp-json\/wp\/v2\/pages\/62\/revisions"}],"predecessor-version":[{"id":63,"href":"https:\/\/taxas.monterroso.es\/es\/wp-json\/wp\/v2\/pages\/62\/revisions\/63"}],"wp:attachment":[{"href":"https:\/\/taxas.monterroso.es\/es\/wp-json\/wp\/v2\/media?parent=62"}],"curies":[{"name":"wp","href":"https:\/\/api.w.org\/{rel}","templated":true}]}}